{"id":510,"date":"2022-03-22T15:00:41","date_gmt":"2022-03-22T15:00:41","guid":{"rendered":"https:\/\/lojadologo.pt\/155\/?page_id=510"},"modified":"2025-12-04T14:07:51","modified_gmt":"2025-12-04T14:07:51","slug":"home-debug","status":"publish","type":"page","link":"https:\/\/lojadologo.pt\/155\/","title":{"rendered":"Home Debug"},"content":{"rendered":"<h1 class=\"has-text-align-center wp-block-heading\">Criamos Logotipos Com ideias frescas!<\/h1>\n\n<h3 class=\"wp-block-heading\">Como funciona?<\/h3>\n\n<h2 class=\"wp-block-heading\">Processo<\/h2>\n\n<h2 class=\"wp-block-heading\">Logotipos<\/h2>\n\nCriamos logotipos \u00fanicos e memor\u00e1veis que capturam a ess\u00eancia da sua marca. Solu\u00e7\u00f5es de identidade visual que refletem os objetivos do seu neg\u00f3cio e marcam a diferen\u00e7a no mercado.\n\n<h2 class=\"wp-block-heading\">Design Gr\u00e1fico<\/h2>\n\nDesenvolva materiais gr\u00e1ficos impactantes, como folhetos, banners, embalagens, alinhados com a sua identidade visual. Transforme ideias em designs profissionais que comunicam e vendem. Ideal para campanhar\n\n<h2 class=\"wp-block-heading\">Web Design<\/h2>\n\nConstru\u00edmos sites modernos e responsivos que integram a sua imagem numa experi\u00eancia digital flu\u00edda. Da estrutura ao conte\u00fado, garantimos visibilidade e convers\u00f5es online.\n\n<div class=\"wp-block-buttons is-layout-flex wp-block-buttons-is-layout-flex\"><div class=\"wp-block-button\"><a class=\"wp-block-button__link\">Quero um Logotipo!<\/a><\/div><\/div>\n\n<h3 class=\"wp-block-heading\">O que fazemos?<\/h3>\n\n<h2 class=\"wp-block-heading\">Servi\u00e7os<\/h2>\n\n<h3 class=\"has-text-align-center wp-block-heading\">3<\/h3>\n\n<h5 class=\"wp-block-heading\">Encomenda<br><\/h5>\n\nDesenvolvemos os primeiros conceitos exclusivos, baseados no briefing que nos forneceu.\n\n<h3 class=\"has-text-align-center wp-block-heading\">6<\/h3>\n\n<h5 class=\"wp-block-heading\">Artes Finais<\/h5>\n\nReceba os ficheiros em formato vetorial e alta e baixa resolu\u00e7\u00e3o, prontos para usar em qualquer suporte.\n\n<figure class=\"wp-block-image size-large\"><img loading=\"lazy\" decoding=\"async\" width=\"498\" height=\"1024\" src=\"https:\/\/lojadologo.pt\/155\/wp-content\/uploads\/2022\/03\/logodesign-498x1024.png\" alt class=\"wp-image-379\" srcset=\"https:\/\/lojadologo.pt\/155\/wp-content\/uploads\/2022\/03\/logodesign-498x1024.png 498w, https:\/\/lojadologo.pt\/155\/wp-content\/uploads\/2022\/03\/logodesign-146x300.png 146w, https:\/\/lojadologo.pt\/155\/wp-content\/uploads\/2022\/03\/logodesign-748x1536.png 748w, https:\/\/lojadologo.pt\/155\/wp-content\/uploads\/2022\/03\/logodesign.png 750w\" sizes=\"auto, (max-width: 498px) 100vw, 498px\" \/><\/figure>\n\n<h3 class=\"has-text-align-center wp-block-heading\">2<\/h3>\n\n<h5 class=\"wp-block-heading\">Pagamento<\/h5>\n\nEfetue o pagamento inicial de forma simples e protegida para darmos in\u00edcio \u00e0 cria\u00e7\u00e3o.\n\n<h3 class=\"has-text-align-center wp-block-heading\">1<\/h3>\n\n<h5 class=\"wp-block-heading\">Proposta<\/h5>\n\nAnalisamos as suas ideias, necessidades e refer\u00eancias para criar uma proposta adequada, personalizada e atrativa.\n\n<h3 class=\"has-text-align-center wp-block-heading\">4<\/h3>\n\n<h5 class=\"wp-block-heading\">Avalia\u00e7\u00e3o<\/h5>\n\nApresentamos op\u00e7\u00f5es para feedback. Reveja e ajuste at\u00e9 ficar perfeito, sem custos adicionais.\n\n<h3 class=\"has-text-align-center wp-block-heading\">5<\/h3>\n\n<h5 class=\"wp-block-heading\">Estacion\u00e1rio<\/h5>\n\nExpandimos o design para elementos complementares, como cart\u00f5es de visita e papel timbrado.\n\n<h3 class=\"wp-block-heading\">Veja alguns dos nossos trabalhos.<\/h3>\n\n<h2 class=\"wp-block-heading\">Portfolio<\/h2>\n\n<div class=\"wp-block-buttons is-layout-flex wp-block-buttons-is-layout-flex\"><div class=\"wp-block-button\"><a class=\"wp-block-button__link\">Ver todos os trabalhos<\/a><\/div><\/div>\n\n<h3 class=\"wp-block-heading\">Fale-nos do seu projecto!<\/h3>\n\n<h2 class=\"wp-block-heading\">ContactAR<\/h2>\n\n\n\n{post_title}\n\n{post_terms_post_tag}\n\n","protected":false},"excerpt":{"rendered":"<p>Criamos Logotipos Com ideias frescas! Como funciona? Processo Logotipos Criamos logotipos \u00fanicos e memor\u00e1veis que capturam a ess\u00eancia da sua marca. Solu\u00e7\u00f5es de identidade visual que refletem os objetivos do seu neg\u00f3cio e marcam a diferen\u00e7a no mercado. Design Gr\u00e1fico Desenvolva materiais gr\u00e1ficos impactantes, como folhetos, banners, embalagens, alinhados com a sua identidade visual. Transforme [&hellip;]<\/p>\n","protected":false},"author":1,"featured_media":0,"parent":0,"menu_order":0,"comment_status":"closed","ping_status":"closed","template":"","meta":{"footnotes":""},"class_list":["post-510","page","type-page","status-publish","hentry"],"_links":{"self":[{"href":"https:\/\/lojadologo.pt\/155\/wp-json\/wp\/v2\/pages\/510","targetHints":{"allow":["GET"]}}],"collection":[{"href":"https:\/\/lojadologo.pt\/155\/wp-json\/wp\/v2\/pages"}],"about":[{"href":"https:\/\/lojadologo.pt\/155\/wp-json\/wp\/v2\/types\/page"}],"author":[{"embeddable":true,"href":"https:\/\/lojadologo.pt\/155\/wp-json\/wp\/v2\/users\/1"}],"replies":[{"embeddable":true,"href":"https:\/\/lojadologo.pt\/155\/wp-json\/wp\/v2\/comments?post=510"}],"version-history":[{"count":100,"href":"https:\/\/lojadologo.pt\/155\/wp-json\/wp\/v2\/pages\/510\/revisions"}],"predecessor-version":[{"id":3581,"href":"https:\/\/lojadologo.pt\/155\/wp-json\/wp\/v2\/pages\/510\/revisions\/3581"}],"wp:attachment":[{"href":"https:\/\/lojadologo.pt\/155\/wp-json\/wp\/v2\/media?parent=510"}],"curies":[{"name":"wp","href":"https:\/\/api.w.org\/{rel}","templated":true}]}}